{"id":31,"date":"2026-01-03T09:25:13","date_gmt":"2026-01-03T09:25:13","guid":{"rendered":"https:\/\/www.livamusicb2b.ch\/?page_id=31"},"modified":"2026-03-17T09:34:28","modified_gmt":"2026-03-17T09:34:28","slug":"uber-uns","status":"publish","type":"page","link":"https:\/\/www.livamusicb2b.ch\/index.php\/uber-uns\/","title":{"rendered":"\u00fcber uns"},"content":{"rendered":"<h2 data-start=\"144\" data-end=\"163\">Liva Music B2B<\/h2>\n<p data-start=\"164\" data-end=\"195\"><strong data-start=\"164\" data-end=\"195\">Exklusiv f\u00fcr den Fachhandel<\/strong><\/p>\n<p data-start=\"197\" data-end=\"385\">Liva Music B2B ist die Business-to-Business-Plattform von Liva Music \u2013 exklusiv f\u00fcr qualifizierte Fachh\u00e4ndler. Wir bieten sorgf\u00e4ltig ausgew\u00e4hltes Musikzubeh\u00f6r f\u00fcr professionelle Anspr\u00fcche.<\/p>\n<p data-start=\"387\" data-end=\"413\">Unser Sortiment umfasst:<\/p>\n<ul data-start=\"414\" data-end=\"577\">\n<li data-start=\"414\" data-end=\"453\">\n<p data-start=\"416\" data-end=\"453\"><strong data-start=\"416\" data-end=\"451\">Drumsticks &amp; Percussion-Zubeh\u00f6r<\/strong><\/p>\n<\/li>\n<li data-start=\"454\" data-end=\"495\">\n<p data-start=\"456\" data-end=\"495\"><strong data-start=\"456\" data-end=\"493\">Premium-Saiten f\u00fcr Gitarre &amp; Bass<\/strong><\/p>\n<\/li>\n<li data-start=\"496\" data-end=\"532\">\n<p data-start=\"498\" data-end=\"532\"><strong data-start=\"498\" data-end=\"530\">Kapodaster &amp; Gitarrenzubeh\u00f6r<\/strong><\/p>\n<\/li>\n<li data-start=\"533\" data-end=\"577\">\n<p data-start=\"535\" data-end=\"577\"><strong data-start=\"535\" data-end=\"575\">Gurte, Plektren und weiteres Zubeh\u00f6r<\/strong><\/p>\n<\/li>\n<\/ul>\n<p data-start=\"579\" data-end=\"759\">Wir stehen f\u00fcr <strong data-start=\"594\" data-end=\"618\">hochwertige Produkte<\/strong>, <strong data-start=\"620\" data-end=\"646\">verl\u00e4sslichen Vertrieb<\/strong> und <strong data-start=\"651\" data-end=\"676\">faire Partnerschaften<\/strong>. Liva Music B2B ist Ihr Partner f\u00fcr nachhaltige Zusammenarbeit im Musikfachhandel.<\/p>\n<h3 data-start=\"170\" data-end=\"213\">\u00a0Marken im Liva Music B2B\u2011Portfolio<\/h3>\n<ul data-start=\"215\" data-end=\"786\">\n<li data-start=\"215\" data-end=\"341\">\n<p data-start=\"217\" data-end=\"341\"><strong data-start=\"217\" data-end=\"238\">Balbex Drumsticks<\/strong> \u2013 hochwertige Schlagzeug\u2011Sticks f\u00fcr Profis und Einsteiger<\/p>\n<\/li>\n<li data-start=\"342\" data-end=\"449\">\n<p data-start=\"344\" data-end=\"449\"><strong data-start=\"344\" data-end=\"370\">Aurora Premium Strings<\/strong> \u2013 Premium\u2011Saiten f\u00fcr Gitarre &amp; Bass<\/p>\n<\/li>\n<li data-start=\"450\" data-end=\"562\">\n<p data-start=\"452\" data-end=\"562\"><strong data-start=\"452\" data-end=\"472\">Paige Kapodaster<\/strong> \u2013 pr\u00e4zise und langlebige Capos f\u00fcr Gitarristen<\/p>\n<\/li>\n<li data-start=\"450\" data-end=\"562\"><strong data-start=\"429\" data-end=\"449\">Mehteran Cymbals<\/strong> \u2013 handgefertigte Becken mit kraftvollem, klaren Sound<\/li>\n<li data-start=\"563\" data-end=\"674\">\n<p data-start=\"565\" data-end=\"674\"><strong data-start=\"565\" data-end=\"590\">Lock\u2011It Gitarrengurte<\/strong> \u2013 strapazierf\u00e4hige und komfortable Gurte<\/p>\n<\/li>\n<li data-start=\"675\" data-end=\"786\">\n<p data-start=\"677\" data-end=\"786\"><strong data-start=\"677\" data-end=\"713\">Handgemachte Plektren aus Indien<\/strong> \u2013 besondere Picks mit Charakter<\/p>\n<\/li>\n<\/ul>\n<p data-start=\"761\" data-end=\"812\">\ud83d\udc49 <strong data-start=\"764\" data-end=\"791\">Jetzt Kontakt aufnehmen<\/strong> f\u00fcr H\u00e4ndleranfragen &#8211; <strong>swisssongwriter@gmail.com<\/strong><\/p>\n<p data-start=\"144\" data-end=\"201\"><strong data-start=\"144\" data-end=\"161\">Rolf Schnyder<\/strong> \u2013 Gr\u00fcnder von <strong data-start=\"176\" data-end=\"192\">LiveMusicB2B<\/strong> (2000)<\/p>\n<p data-start=\"203\" data-end=\"545\"><a href=\"http:\/\/www.livamusicb2b.ch\/wp-content\/uploads\/2026\/01\/rolf-schnyder.jpg\"><img loading=\"lazy\" decoding=\"async\" class=\"alignnone size-medium wp-image-120\" src=\"http:\/\/www.livamusicb2b.ch\/wp-content\/uploads\/2026\/01\/rolf-schnyder-300x200.jpg\" alt=\"\" width=\"300\" height=\"200\" srcset=\"https:\/\/www.livamusicb2b.ch\/wp-content\/uploads\/2026\/01\/rolf-schnyder-300x200.jpg 300w, https:\/\/www.livamusicb2b.ch\/wp-content\/uploads\/2026\/01\/rolf-schnyder-768x512.jpg 768w, https:\/\/www.livamusicb2b.ch\/wp-content\/uploads\/2026\/01\/rolf-schnyder-856x570.jpg 856w, https:\/\/www.livamusicb2b.ch\/wp-content\/uploads\/2026\/01\/rolf-schnyder-500x333.jpg 500w, https:\/\/www.livamusicb2b.ch\/wp-content\/uploads\/2026\/01\/rolf-schnyder-550x366.jpg 550w, https:\/\/www.livamusicb2b.ch\/wp-content\/uploads\/2026\/01\/rolf-schnyder-700x466.jpg 700w, https:\/\/www.livamusicb2b.ch\/wp-content\/uploads\/2026\/01\/rolf-schnyder-400x266.jpg 400w, https:\/\/www.livamusicb2b.ch\/wp-content\/uploads\/2026\/01\/rolf-schnyder-664x442.jpg 664w, https:\/\/www.livamusicb2b.ch\/wp-content\/uploads\/2026\/01\/rolf-schnyder.jpg 1024w\" sizes=\"auto, (max-width: 300px) 100vw, 300px\" \/><\/a><\/p>\n<p data-start=\"203\" data-end=\"545\">Mit \u00fcber drei Jahrzehnten Erfahrung in der Musikbranche (www.livamusic.ch) verbindet Rolf Schnyder unternehmerisches Know-how mit tiefem Verst\u00e4ndnis f\u00fcr Musiker, H\u00e4ndler und Hersteller. Als Gr\u00fcnder von <strong data-start=\"386\" data-end=\"402\">LiveMusicB2B<\/strong> hat er eine Plattform geschaffen, die hochwertige Instrumente, Zubeh\u00f6r und professionelle L\u00f6sungen effizient und zuverl\u00e4ssig zusammenbringt.<\/p>\n<p data-start=\"547\" data-end=\"865\">Sein Ansatz vereint <strong data-start=\"567\" data-end=\"615\">Qualit\u00e4t, Innovation und praxisnahe Beratung<\/strong>, stets mit dem Ziel, Musikern und Fachh\u00e4ndlern den Zugang zu besten Produkten zu erleichtern und die Musikszene aktiv zu f\u00f6rdern. Rolf Schnyder steht f\u00fcr <strong data-start=\"770\" data-end=\"826\">Verl\u00e4sslichkeit, Expertise und nachhaltige Netzwerke<\/strong> in der internationalen Musikbranche.<\/p>\n<p data-start=\"547\" data-end=\"865\">www.rolfschnyder.ch<\/p>\n","protected":false},"excerpt":{"rendered":"<p>Liva Music B2B Exklusiv f\u00fcr den Fachhandel Liva Music B2B ist die Business-to-Business-Plattform von Liva Music \u2013 exklusiv f\u00fcr qualifizierte Fachh\u00e4ndler. Wir bieten sorgf\u00e4ltig ausgew\u00e4hltes Musikzubeh\u00f6r f\u00fcr professionelle Anspr\u00fcche. Unser Sortiment umfasst: Drumsticks &amp; Percussion-Zubeh\u00f6r Premium-Saiten f\u00fcr Gitarre &amp; Bass Kapodaster &amp; Gitarrenzubeh\u00f6r Gurte, Plektren und weiteres Zubeh\u00f6r Wir stehen f\u00fcr hochwertige Produkte, verl\u00e4sslichen Vertrieb&#8230;<\/p>\n<p><a rel=\"bookmark\" class=\"decibel-button-text wvc-button wvc-button-size-sm wolf-core-button wolf-core-button-size-sm\" href=\"https:\/\/www.livamusicb2b.ch\/index.php\/uber-uns\/\"><small class=\"wvc-button-background-fill wolf-core-button-background-fill\"><\/small><span>continue reading<\/span><\/a><\/p>\n","protected":false},"author":1,"featured_media":0,"parent":0,"menu_order":0,"comment_status":"closed","ping_status":"closed","template":"","meta":{"footnotes":""},"class_list":{"0":"post-31","1":"page","2":"type-page","3":"status-publish","4":"hentry","5":"entry","6":"clearfix","7":"entry-grid","8":"entry-columns-default","9":"entry-page-module-layout-standard","10":"no-post-thumbnail","11":"entry-page","13":"entry-page-grid"},"_links":{"self":[{"href":"https:\/\/www.livamusicb2b.ch\/index.php\/wp-json\/wp\/v2\/pages\/31","targetHints":{"allow":["GET"]}}],"collection":[{"href":"https:\/\/www.livamusicb2b.ch\/index.php\/wp-json\/wp\/v2\/pages"}],"about":[{"href":"https:\/\/www.livamusicb2b.ch\/index.php\/wp-json\/wp\/v2\/types\/page"}],"author":[{"embeddable":true,"href":"https:\/\/www.livamusicb2b.ch\/index.php\/wp-json\/wp\/v2\/users\/1"}],"replies":[{"embeddable":true,"href":"https:\/\/www.livamusicb2b.ch\/index.php\/wp-json\/wp\/v2\/comments?post=31"}],"version-history":[{"count":7,"href":"https:\/\/www.livamusicb2b.ch\/index.php\/wp-json\/wp\/v2\/pages\/31\/revisions"}],"predecessor-version":[{"id":123,"href":"https:\/\/www.livamusicb2b.ch\/index.php\/wp-json\/wp\/v2\/pages\/31\/revisions\/123"}],"wp:attachment":[{"href":"https:\/\/www.livamusicb2b.ch\/index.php\/wp-json\/wp\/v2\/media?parent=31"}],"curies":[{"name":"wp","href":"https:\/\/api.w.org\/{rel}","templated":true}]}}