{"id":35,"date":"2026-01-03T09:25:38","date_gmt":"2026-01-03T09:25:38","guid":{"rendered":"https:\/\/www.livamusicb2b.ch\/?page_id=35"},"modified":"2026-03-17T09:34:28","modified_gmt":"2026-03-17T09:34:28","slug":"unsere-marken","status":"publish","type":"page","link":"https:\/\/www.livamusicb2b.ch\/index.php\/unsere-marken\/","title":{"rendered":"unsere Marken"},"content":{"rendered":"<p><strong data-start=\"16\" data-end=\"34\">Aurora Strings<\/strong> \u2013 Premium-Saiten aus den USA.<br data-start=\"64\" data-end=\"67\" \/>Hochwertig beschichtet, in einzigartigen Farben erh\u00e4ltlich und entwickelt f\u00fcr brillanten Klang, lange Haltbarkeit und ein au\u00dfergew\u00f6hnliches Spielgef\u00fchl.<\/p>\n<p><strong data-start=\"67\" data-end=\"88\">Balbex Drumsticks<\/strong> \u2013 Pr\u00e4zision aus der Tschechischen Republik.<br data-start=\"132\" data-end=\"135\" \/>Hochwertige, langlebige Drumsticks f\u00fcr maximalen Spielkomfort, perfekte Balance und kraftvollen Sound \u2013 gemacht f\u00fcr Schlagzeuger mit Anspruch.<\/p>\n<p><strong data-start=\"65\" data-end=\"79\">Paige Capo<\/strong> \u2013 Pr\u00e4zision aus den USA.<br data-start=\"104\" data-end=\"107\" \/>Schnell, sicher und stimmstabil \u2013 f\u00fcr perfekte Positionierung auf jedem Griffbrett und ein m\u00fcheloses Spielgef\u00fchl.<\/p>\n<p><strong data-start=\"66\" data-end=\"86\">Mehteran Cymbals<\/strong> \u2013 Handgefertigt f\u00fcr echten Klangcharakter.<br data-start=\"129\" data-end=\"132\" \/>Aus hochwertigen Legierungen gefertigt, bieten sie <strong data-start=\"183\" data-end=\"212\">kraftvollen, klaren Sound<\/strong>, ausgezeichnete Dynamik und Langlebigkeit \u2013 perfekt f\u00fcr Schlagzeuger, die jedes Detail ihres Tons sp\u00fcren wollen.<\/p>\n<p><strong data-start=\"63\" data-end=\"80\">Lock-It Gurte<\/strong> \u2013 Sicherer Halt f\u00fcr dein Instrument.<br data-start=\"117\" data-end=\"120\" \/>Mit innovativem Sicherheitsmechanismus verhindern sie ein Abrutschen, bieten maximalen Komfort und zuverl\u00e4ssige Stabilit\u00e4t \u2013 f\u00fcr Musiker, die keine Kompromisse eingehen.<\/p>\n<p><strong data-start=\"68\" data-end=\"80\">LM-Cable<\/strong> \u2013 Hochwertige Kabel f\u00fcr B\u00fchne und Studio.<br data-start=\"122\" data-end=\"125\" \/>Erh\u00e4ltlich als <strong data-start=\"140\" data-end=\"176\">Instrumenten- oder Mikrofonkabel<\/strong>, ausgestattet mit <strong data-start=\"195\" data-end=\"215\">Neutrik-Steckern<\/strong> und robustem <strong data-start=\"229\" data-end=\"246\">Cordial-Kabel<\/strong>. Auf Wunsch individuell <strong data-start=\"271\" data-end=\"286\">beschriftet<\/strong> \u2013 f\u00fcr perfekte Signal\u00fcbertragung, maximale Zuverl\u00e4ssigkeit und professionellen Sound.<\/p>\n<p><strong data-start=\"46\" data-end=\"82\">Handgemachte Plektren aus Indien<\/strong> \u2013 Einzigartige Materialien, einzigartiger Klang.<br data-start=\"131\" data-end=\"134\" \/>Gefertigt aus <strong data-start=\"148\" data-end=\"174\">Holz, Knochen und Horn<\/strong>, jedes Plektrum ein Unikat f\u00fcr au\u00dfergew\u00f6hnliches Spielgef\u00fchl, pr\u00e4zise Kontrolle und authentischen Sound.<\/p>\n<p>&nbsp;<\/p>\n","protected":false},"excerpt":{"rendered":"<p>Aurora Strings \u2013 Premium-Saiten aus den USA.Hochwertig beschichtet, in einzigartigen Farben erh\u00e4ltlich und entwickelt f\u00fcr brillanten Klang, lange Haltbarkeit und ein au\u00dfergew\u00f6hnliches Spielgef\u00fchl. Balbex Drumsticks \u2013 Pr\u00e4zision aus der Tschechischen Republik.Hochwertige, langlebige Drumsticks f\u00fcr maximalen Spielkomfort, perfekte Balance und kraftvollen Sound \u2013 gemacht f\u00fcr Schlagzeuger mit Anspruch. Paige Capo \u2013 Pr\u00e4zision aus den USA.Schnell, sicher&#8230;<\/p>\n<p><a rel=\"bookmark\" class=\"decibel-button-text wvc-button wvc-button-size-sm wolf-core-button wolf-core-button-size-sm\" href=\"https:\/\/www.livamusicb2b.ch\/index.php\/unsere-marken\/\"><small class=\"wvc-button-background-fill wolf-core-button-background-fill\"><\/small><span>continue reading<\/span><\/a><\/p>\n","protected":false},"author":1,"featured_media":0,"parent":0,"menu_order":0,"comment_status":"closed","ping_status":"closed","template":"","meta":{"footnotes":""},"class_list":{"0":"post-35","1":"page","2":"type-page","3":"status-publish","4":"hentry","5":"entry","6":"clearfix","7":"entry-grid","8":"entry-columns-default","9":"entry-page-module-layout-standard","10":"no-post-thumbnail","11":"entry-page","13":"entry-page-grid"},"_links":{"self":[{"href":"https:\/\/www.livamusicb2b.ch\/index.php\/wp-json\/wp\/v2\/pages\/35","targetHints":{"allow":["GET"]}}],"collection":[{"href":"https:\/\/www.livamusicb2b.ch\/index.php\/wp-json\/wp\/v2\/pages"}],"about":[{"href":"https:\/\/www.livamusicb2b.ch\/index.php\/wp-json\/wp\/v2\/types\/page"}],"author":[{"embeddable":true,"href":"https:\/\/www.livamusicb2b.ch\/index.php\/wp-json\/wp\/v2\/users\/1"}],"replies":[{"embeddable":true,"href":"https:\/\/www.livamusicb2b.ch\/index.php\/wp-json\/wp\/v2\/comments?post=35"}],"version-history":[{"count":4,"href":"https:\/\/www.livamusicb2b.ch\/index.php\/wp-json\/wp\/v2\/pages\/35\/revisions"}],"predecessor-version":[{"id":118,"href":"https:\/\/www.livamusicb2b.ch\/index.php\/wp-json\/wp\/v2\/pages\/35\/revisions\/118"}],"wp:attachment":[{"href":"https:\/\/www.livamusicb2b.ch\/index.php\/wp-json\/wp\/v2\/media?parent=35"}],"curies":[{"name":"wp","href":"https:\/\/api.w.org\/{rel}","templated":true}]}}